{"id":28882,"date":"2021-09-05T11:57:58","date_gmt":"2021-09-05T09:57:58","guid":{"rendered":"https:\/\/garibaldi-wine.com\/?page_id=28882"},"modified":"2024-08-29T15:52:49","modified_gmt":"2024-08-29T13:52:49","slug":"home","status":"publish","type":"page","link":"https:\/\/garibaldi-wine.com\/","title":{"rendered":"Home"},"content":{"rendered":"\n<p><strong>Giuseppe Garibaldi<\/strong>&nbsp;nasce a Nizza nel 1807 e muore in Sardegna nel 1882.&nbsp; E\u2019 stato il principale artefice del Risorgimento e cio\u00e8 dell&#8217;<strong>Unit\u00e0 d&#8217;Italia (<\/strong>Einigungsbewegung) e facilmente riconoscibile per la sua barba folta e la Giubba Rossa. \u00c8 noto anche con l&#8217;appellativo di \u00aberoe dei due mondi\u00bb per le imprese militari compiute sia in&nbsp;Europa, sia in&nbsp; Argentina, Brasile e Uruguay ed divent\u00f2 l\u2019eroe anche delle rivoluzioni messicane e di altri Paesi dell\u2019America latina. Dopo essere stato condannato a morte per cispoiazione a Genova trascorre un periodo anche a New York dove da un fallimento acquista le famose \u201cGiubbe Rosse\u201d.<\/p>\n\n\n\n<p>Insomma e in breve: Giuseppe Garibaldi \u00e8 l\u2019eroe nazionale Italiano.<\/p>\n\n\n\n<p>La sua impresa pi\u00f9 nota fu la vittoriosa&nbsp;<strong>spedizione dei Mille<\/strong>, che parte da Genova il 5 maggio 1860 con destinazione Marsala.<\/p>\n\n\n\n<p>Garibaldi si ferma con le sue truppe in Toscana, nel piccolo e protetto porto di Talamone per rifornirsi di armi, munizioni e viveri.<\/p>\n\n\n\n<p>Lo&nbsp;sbarco a Marsala 11 maggio 1860, segna l\u2019inizio&nbsp; di una lunga serie di battaglie che alla fine portano all&#8217;<a href=\"https:\/\/it.wikipedia.org\/wiki\/Unit%C3%A0_d%27Italia\">unit\u00e0 d&#8217;Italia<\/a>. Lo Stato Pontificio molto ridimensionato e con l\u2019Austria che ormai dominava soltanto le Regioni del nord-est.<\/p>\n\n\n\n<p>Ecco come nasce il Regno d\u2019Italia.<\/p>\n\n\n<div class=\"wp-block-image\">\n<figure class=\"aligncenter size-large\"><img loading=\"lazy\" decoding=\"async\" width=\"794\" height=\"1024\" src=\"https:\/\/garibaldi-wine.com\/wp-content\/uploads\/2022\/06\/garibaldiritratto-794x1024.jpg\" alt=\"Garibaldi - ritratto\" class=\"wp-image-28965\" srcset=\"https:\/\/garibaldi-wine.com\/wp-content\/uploads\/2022\/06\/garibaldiritratto-794x1024.jpg 794w, https:\/\/garibaldi-wine.com\/wp-content\/uploads\/2022\/06\/garibaldiritratto-232x300.jpg 232w, https:\/\/garibaldi-wine.com\/wp-content\/uploads\/2022\/06\/garibaldiritratto-768x991.jpg 768w, https:\/\/garibaldi-wine.com\/wp-content\/uploads\/2022\/06\/garibaldiritratto.jpg 1050w\" sizes=\"auto, (max-width: 794px) 100vw, 794px\" \/><figcaption class=\"wp-element-caption\">Garibaldi<\/figcaption><\/figure>\n<\/div>\n\n<div class=\"wp-block-image\">\n<figure class=\"aligncenter size-large\"><img loading=\"lazy\" decoding=\"async\" width=\"1024\" height=\"729\" src=\"https:\/\/garibaldi-wine.com\/wp-content\/uploads\/2021\/09\/cartina-italia-1024x729.png\" alt=\"\" class=\"wp-image-28894\" srcset=\"https:\/\/garibaldi-wine.com\/wp-content\/uploads\/2021\/09\/cartina-italia-1024x729.png 1024w, https:\/\/garibaldi-wine.com\/wp-content\/uploads\/2021\/09\/cartina-italia-300x214.png 300w, https:\/\/garibaldi-wine.com\/wp-content\/uploads\/2021\/09\/cartina-italia-768x547.png 768w, https:\/\/garibaldi-wine.com\/wp-content\/uploads\/2021\/09\/cartina-italia-1536x1093.png 1536w, https:\/\/garibaldi-wine.com\/wp-content\/uploads\/2021\/09\/cartina-italia.png 1600w\" sizes=\"auto, (max-width: 1024px) 100vw, 1024px\" \/><\/figure>\n<\/div>\n\n\n<p>Vini Garibaldi nasce da un progetto lungimirante come lo stesso pensiero di Garibaldi. Unificare e mettersi a disposizione: in questo caso del consumatore appassionato dei grandi vini Italiani, partendo dalla Toscana..<\/p>\n\n\n\n<p>La Toscana \u00e8 la patria dello stile di vita mediterraneo. Villaggi vinicoli da sogno tra le tipiche colline. Famose tenute con vitigni altamente decorati che sono troppo costosi per alcuni portafogli. Tuttavia, non lontano dalla costa, nell&#8217;entroterra livornese, \u00e8 ancora possibile trovare una o due trouvaille. Vini di buona qualit\u00e0 e di facile beva come quelli dei Vini Garibaldi. Tre in rosso e uno in bianco. Il Nd&#8217;A (Nato dall&#8217;Amore) da Sangiovese con un po&#8217; di Merlot e Syrah proviene da terreni sabbiosi-limosi vicino al mare. Anche se le variet\u00e0 sono identiche nel Mille Rosso, le uve provengono da un vigneto diverso ma vicino. Il fiore all&#8217;occhiello \u00e8 il Guerello, proveniente dall&#8217;omonimo vigneto singolo, anch&#8217;esso dominato dal Sangiovese, integrato da Merlot e Cabernet Sauvignon. L&#8217;eleganza corposa descrive perfettamente il Kryos, un vino affascinante ottenuto da Traminer, Trebbiano e Viognier. Cuv\u00e9e sapientemente vinificate e meravigliosamente bevibili. Vini toscani che valgono pi\u00f9 del loro prezzo.<\/p>\n\n\n\n<h2 class=\"wp-block-heading\">Guerello &#8211; Tocana IgT<\/h2>\n\n\n\n<div class=\"wp-block-columns is-layout-flex wp-container-core-columns-is-layout-9d6595d7 wp-block-columns-is-layout-flex\">\n<div class=\"wp-block-column is-layout-flow wp-block-column-is-layout-flow\">\n<figure class=\"wp-block-image size-large is-resized\"><img loading=\"lazy\" decoding=\"async\" width=\"354\" height=\"1024\" src=\"https:\/\/garibaldi-wine.com\/wp-content\/uploads\/2022\/06\/guerello-354x1024.png\" alt=\"Guerello - Garibaldi wines\" class=\"wp-image-28970\" style=\"width:177px;height:512px\" srcset=\"https:\/\/garibaldi-wine.com\/wp-content\/uploads\/2022\/06\/guerello-354x1024.png 354w, https:\/\/garibaldi-wine.com\/wp-content\/uploads\/2022\/06\/guerello-104x300.png 104w, https:\/\/garibaldi-wine.com\/wp-content\/uploads\/2022\/06\/guerello-768x2221.png 768w, https:\/\/garibaldi-wine.com\/wp-content\/uploads\/2022\/06\/guerello-531x1536.png 531w, https:\/\/garibaldi-wine.com\/wp-content\/uploads\/2022\/06\/guerello-708x2048.png 708w, https:\/\/garibaldi-wine.com\/wp-content\/uploads\/2022\/06\/guerello.png 948w\" sizes=\"auto, (max-width: 354px) 100vw, 354px\" \/><\/figure>\n<\/div>\n\n\n\n<div class=\"wp-block-column is-layout-flow wp-block-column-is-layout-flow\">\n<p><strong><em>Zona di Produzione:<\/em><\/strong> &nbsp;TOSCANA<\/p>\n\n\n\n<p><strong><em>Gradazione Alcolica:<\/em><\/strong> &nbsp;&nbsp;&nbsp;&nbsp;14% Vol.<\/p>\n\n\n\n<p><strong><em>Uvaggio:<\/em><\/strong>&nbsp;&nbsp; &nbsp;&nbsp;&nbsp;&nbsp;&nbsp;&nbsp;75% SANGIOVESE&nbsp; &nbsp;<\/p>\n\n\n\n<p>15% MERLOT<\/p>\n\n\n\n<p>10% CABERNET SAUVIGNON<\/p>\n\n\n\n<p><strong>VINIFICAZIONE E AFFINAMENTO<\/strong><\/p>\n\n\n\n<p>Le uve provengono da alcuni dei migliori vigneti della regione Toscana, caratterizzati da terreni calcarei, argillosi, rocciosi e galestro. Una volta vinificate (separatamente) le diverse variet\u00e0 invecchiano almeno 12 mesi in barrique. Dopo l&#8217;assemblaggio, l&#8217;affinamento avviene in bottiglia per un minimo di sei mesi.<\/p>\n\n\n\n<p><strong>PROPRIET\u00c0 ORGANOLETTICHE<\/strong><\/p>\n\n\n\n<p><strong><em>Colore: <\/em><\/strong>&nbsp;Rosso rubino intenso con riflessi granato.<\/p>\n\n\n\n<p><strong><em>Profumo: <\/em><\/strong>&nbsp;Eleganti aromi di cuoio, amarena, liquirizia e prugna.<\/p>\n\n\n\n<p><strong><em>Gusto:<\/em><\/strong>&nbsp; Al palato \u00e8 medio-corposo con ricordi di frutta rossa matura, sottili note di vaniglia e violetta; consistenza setosa con tannini morbidi, una solida spina dorsale, la perfetta integrazione tra acidit\u00e0 e frutta per un finale piacevole.<\/p>\n\n\n\n<p><strong>ABBINAMENTI GASTRONOMICI<\/strong><\/p>\n\n\n\n<p>Ottimo con pasta, risotti, piatti strutturati, carne e formaggio; estremamente versatile e adatto al cibo.<\/p>\n\n\n\n<p><em>Temperatura di servizio:<\/em> 18\u00b0C.<\/p>\n<\/div>\n<\/div>\n\n\n\n<p><\/p>\n\n\n\n<h2 class=\"wp-block-heading\">Bianco Toscana IgT Kr\u00fdos<\/h2>\n\n\n\n<div class=\"wp-block-columns is-layout-flex wp-container-core-columns-is-layout-9d6595d7 wp-block-columns-is-layout-flex\">\n<div class=\"wp-block-column is-layout-flow wp-block-column-is-layout-flow\" style=\"flex-basis:50%\">\n<figure class=\"wp-block-image size-large is-resized\"><img loading=\"lazy\" decoding=\"async\" width=\"328\" height=\"1024\" src=\"https:\/\/garibaldi-wine.com\/wp-content\/uploads\/2021\/09\/TOSB-Kryos-328x1024.jpg\" alt=\"\" class=\"wp-image-28896\" style=\"width:164px;height:512px\" srcset=\"https:\/\/garibaldi-wine.com\/wp-content\/uploads\/2021\/09\/TOSB-Kryos-328x1024.jpg 328w, https:\/\/garibaldi-wine.com\/wp-content\/uploads\/2021\/09\/TOSB-Kryos-96x300.jpg 96w, https:\/\/garibaldi-wine.com\/wp-content\/uploads\/2021\/09\/TOSB-Kryos-768x2400.jpg 768w, https:\/\/garibaldi-wine.com\/wp-content\/uploads\/2021\/09\/TOSB-Kryos-492x1536.jpg 492w, https:\/\/garibaldi-wine.com\/wp-content\/uploads\/2021\/09\/TOSB-Kryos-scaled.jpg 819w\" sizes=\"auto, (max-width: 328px) 100vw, 328px\" \/><\/figure>\n<\/div>\n\n\n\n<div class=\"wp-block-column is-layout-flow wp-block-column-is-layout-flow\" style=\"flex-basis:50%\">\n<p>Vitigni: 50% Traminer, 30% Trebbiano e 20% Viognier<\/p>\n\n\n\n<p>Alc; 12,5%vol<\/p>\n\n\n\n<p>Lunga la costa, in Provincia di Pisa crescono bellissime variet\u00e0 di uve bianche che fanno nascere il Kryos che in greco significa freddo.<\/p>\n\n\n\n<p>Le uve vengono raccolte a mano vengono dolcemente pressate per ottenere un delizioso mosto fiore che viene pulito a 14\u00b0C circa per poi fermentare a 16\/18\u00b0C. cio\u00e8 a temperature molto basse,<\/p>\n\n\n\n<p>Cos\u00ec nasce un piacevole vino bianco dal colore paglierino e con note aromatiche intense e floreali e frutti tropicali. Al palato \u00e8 morbido, piacevole, pieno e sempre fruttato.<\/p>\n\n\n\n<p>Abbinamenti: aperitivo, tutte le insalate, antipasti, primi freddi o non troppo strutturati, pesce e carne bianca.<\/p>\n\n\n\n<p>Servire a 10\/12\u00b0C<\/p>\n<\/div>\n<\/div>\n\n\n\n<h2 class=\"wp-block-heading\">Toscana Rosso IgT &#8211; Nd&#8217;A<\/h2>\n\n\n\n<div class=\"wp-block-columns is-layout-flex wp-container-core-columns-is-layout-9d6595d7 wp-block-columns-is-layout-flex\">\n<div class=\"wp-block-column is-layout-flow wp-block-column-is-layout-flow\" style=\"flex-basis:50%\">\n<figure class=\"wp-block-image size-large is-resized\"><img loading=\"lazy\" decoding=\"async\" width=\"328\" height=\"1024\" src=\"https:\/\/garibaldi-wine.com\/wp-content\/uploads\/2021\/09\/TOSR-NdA-328x1024.jpg\" alt=\"\" class=\"wp-image-28898\" style=\"width:164px;height:512px\" srcset=\"https:\/\/garibaldi-wine.com\/wp-content\/uploads\/2021\/09\/TOSR-NdA-328x1024.jpg 328w, https:\/\/garibaldi-wine.com\/wp-content\/uploads\/2021\/09\/TOSR-NdA-96x300.jpg 96w, https:\/\/garibaldi-wine.com\/wp-content\/uploads\/2021\/09\/TOSR-NdA-768x2400.jpg 768w, https:\/\/garibaldi-wine.com\/wp-content\/uploads\/2021\/09\/TOSR-NdA-492x1536.jpg 492w, https:\/\/garibaldi-wine.com\/wp-content\/uploads\/2021\/09\/TOSR-NdA-scaled.jpg 819w\" sizes=\"auto, (max-width: 328px) 100vw, 328px\" \/><\/figure>\n<\/div>\n\n\n\n<div class=\"wp-block-column is-layout-flow wp-block-column-is-layout-flow\" style=\"flex-basis:50%\">\n<p>\u201cNd\u2019A \u2013 Nato dall\u2019Amor\u201de per la terra, per il vino e per la Vita \u2013 Toscana Rosso IgT<\/p>\n\n\n\n<p>Vitigni: 85% Sangiovese, 10% Merlot e 5% Syrah<\/p>\n\n\n\n<p>Alc; 13,5%vol<\/p>\n\n\n\n<p>Questi vino rosso \u00e8 il risultato di una scrupolosa selezione di grappoli vendemmiati a mano nelle immediate vicinanze del mar tirreno&nbsp; con terreni misti sabbia, argilla e fossili marini.<\/p>\n\n\n\n<p>Dopo la raccolta a mano segue una classica fermentazione sulle bucce a delle temperature intorno a 20\/23\u00b0C. La fermentazione malo lattica avviene in acciaio.<\/p>\n\n\n\n<p>\u201c Nd\u2019A -Nato dall\u2019Amore\u201d e un rosso di media struttura dal colore rubino intenso, al naso si avvertono la ciliegia, bacche nere mature e una leggera nota di vaniglia mentre in bocca si presenta morbido deciso e con dei tannini morbidi.<\/p>\n\n\n\n<p>Abbinamenti: Qualsiasi pasta asciutta decisa, carne e grilliate, da tutto pasto.<\/p>\n\n\n\n<p>Servire a 16\/18\u00b0C<\/p>\n<\/div>\n<\/div>\n\n\n\n<h2 class=\"wp-block-heading\">Toscana Rosso IgT &#8211; Idd\u00f9&#8217;\u00e9<\/h2>\n\n\n\n<div class=\"wp-block-columns is-layout-flex wp-container-core-columns-is-layout-9d6595d7 wp-block-columns-is-layout-flex\">\n<div class=\"wp-block-column is-layout-flow wp-block-column-is-layout-flow\">\n<figure class=\"wp-block-image size-large is-resized\"><img loading=\"lazy\" decoding=\"async\" width=\"328\" height=\"1024\" src=\"https:\/\/garibaldi-wine.com\/wp-content\/uploads\/2021\/09\/TOSR-Iddue-328x1024.jpg\" alt=\"\" class=\"wp-image-28899\" style=\"width:164px;height:512px\" srcset=\"https:\/\/garibaldi-wine.com\/wp-content\/uploads\/2021\/09\/TOSR-Iddue-328x1024.jpg 328w, https:\/\/garibaldi-wine.com\/wp-content\/uploads\/2021\/09\/TOSR-Iddue-96x300.jpg 96w, https:\/\/garibaldi-wine.com\/wp-content\/uploads\/2021\/09\/TOSR-Iddue-768x2400.jpg 768w, https:\/\/garibaldi-wine.com\/wp-content\/uploads\/2021\/09\/TOSR-Iddue-492x1536.jpg 492w, https:\/\/garibaldi-wine.com\/wp-content\/uploads\/2021\/09\/TOSR-Iddue-scaled.jpg 819w\" sizes=\"auto, (max-width: 328px) 100vw, 328px\" \/><\/figure>\n<\/div>\n\n\n\n<div class=\"wp-block-column is-layout-flow wp-block-column-is-layout-flow\">\n<p><br><br><br><br><br>Idd\u00f9\u2019\u00e8 \u2013 un connubio tra la Toscana e la Sicilia &#8211; Toscana Rosso IgT<\/p>\n\n\n\n<p>Vitigni 80% Sangiovese \u2013 20% Syrah<\/p>\n\n\n\n<p>Alc. 13,0%<\/p>\n<\/div>\n<\/div>\n","protected":false},"excerpt":{"rendered":"<p>Giuseppe Garibaldi&nbsp;nasce a Nizza nel 1807 e muore in Sardegna nel 1882.&nbsp; E\u2019 stato il principale artefice del Risorgimento e cio\u00e8 dell&#8217;Unit\u00e0 d&#8217;Italia (Einigungsbewegung) e facilmente riconoscibile per la sua barba folta e la Giubba Rossa. \u00c8 noto anche con l&#8217;appellativo di \u00aberoe dei due mondi\u00bb per le imprese militari compiute sia in&nbsp;Europa, sia in&nbsp; [&hellip;]<\/p>\n","protected":false},"author":1,"featured_media":0,"parent":0,"menu_order":0,"comment_status":"closed","ping_status":"closed","template":"","meta":{"footnotes":""},"class_list":["post-28882","page","type-page","status-publish","hentry"],"_links":{"self":[{"href":"https:\/\/garibaldi-wine.com\/wp-json\/wp\/v2\/pages\/28882","targetHints":{"allow":["GET"]}}],"collection":[{"href":"https:\/\/garibaldi-wine.com\/wp-json\/wp\/v2\/pages"}],"about":[{"href":"https:\/\/garibaldi-wine.com\/wp-json\/wp\/v2\/types\/page"}],"author":[{"embeddable":true,"href":"https:\/\/garibaldi-wine.com\/wp-json\/wp\/v2\/users\/1"}],"replies":[{"embeddable":true,"href":"https:\/\/garibaldi-wine.com\/wp-json\/wp\/v2\/comments?post=28882"}],"version-history":[{"count":11,"href":"https:\/\/garibaldi-wine.com\/wp-json\/wp\/v2\/pages\/28882\/revisions"}],"predecessor-version":[{"id":28979,"href":"https:\/\/garibaldi-wine.com\/wp-json\/wp\/v2\/pages\/28882\/revisions\/28979"}],"wp:attachment":[{"href":"https:\/\/garibaldi-wine.com\/wp-json\/wp\/v2\/media?parent=28882"}],"curies":[{"name":"wp","href":"https:\/\/api.w.org\/{rel}","templated":true}]}}